{"id":2,"date":"2018-02-06T11:12:22","date_gmt":"2018-02-06T11:12:22","guid":{"rendered":"http:\/\/mursalli.com\/?page_id=2"},"modified":"2024-10-09T11:33:08","modified_gmt":"2024-10-09T08:33:08","slug":"mursalli","status":"publish","type":"page","link":"https:\/\/mursalli.com\/","title":{"rendered":"Hakk\u0131m\u0131zda"},"content":{"rendered":"<p>Bu web sitesi ile;<\/p>\n<ul>\n<li>Kasabam\u0131z\u0131n d\u00fcnyaya tan\u0131tma<\/li>\n<li>G\u00fcncel haberleri payla\u015fma<\/li>\n<li><a href=\"https:\/\/mursalli.com\/index.php\/bize-yazin\/\">Ziyaret\u00e7i Defteri<\/a> ile herkese ula\u015fabilme<\/li>\n<li>Kasabam\u0131z\u0131n geli\u015fmesi i\u00e7in yap\u0131lacak \u00e7al\u0131\u015fmalarda g\u00fc\u00e7 birli\u011fi olu\u015fturma<\/li>\n<li>Ge\u00e7mi\u015fe duyulan \u00f6zlemi payla\u015fma<\/li>\n<li>Dedelerimizin anlatt\u0131klar\u0131n\u0131 aktarma<\/li>\n<li>\u00d6rf ve adetlerimize sahip \u00e7\u0131k\u0131p bunlar\u0131 yeni nesle teknolojik hareketle aktarma<\/li>\n<li>Beldemizi t\u00fcm d\u00fcnyaya tan\u0131tma<\/li>\n<li>Mursall\u0131 k\u00f6kenli yurt d\u0131\u015f\u0131nda oturanlara yakla\u015fma<\/li>\n<li>Mursall\u0131 do\u011fumlu olan Yunanistan&#8217;da ya\u015fayanlara yakla\u015fma<\/li>\n<\/ul>\n<p>ama\u00e7lar\u0131na hizmet etmek i\u00e7in sitemizi a\u00e7t\u0131k.<\/p>\n<p><strong>Cihan AK\u00c7ANAL<br \/>\n<\/strong>Elektrik \u2013 Elektronik Y\u00fcksek M\u00fchendisi<br \/>\nCep: 0505 7893801<\/p>\n<p>e-mail:\u00a0<a href=\"mailto:cakcanal@yahoo.com\">cakcanal@yahoo.com<\/a><\/p>\n","protected":false},"excerpt":{"rendered":"<p>Bu web sitesi ile; Kasabam\u0131z\u0131n d\u00fcnyaya tan\u0131tma G\u00fcncel haberleri payla\u015fma Ziyaret\u00e7i Defteri ile herkese ula\u015fabilme Kasabam\u0131z\u0131n geli\u015fmesi i\u00e7in yap\u0131lacak \u00e7al\u0131\u015fmalarda g\u00fc\u00e7 birli\u011fi olu\u015fturma Ge\u00e7mi\u015fe duyulan \u00f6zlemi payla\u015fma Dedelerimizin anlatt\u0131klar\u0131n\u0131 aktarma \u00d6rf ve adetlerimize sahip \u00e7\u0131k\u0131p bunlar\u0131 yeni nesle teknolojik hareketle aktarma Beldemizi t\u00fcm d\u00fcnyaya tan\u0131tma Mursall\u0131 k\u00f6kenli yurt d\u0131\u015f\u0131nda oturanlara yakla\u015fma Mursall\u0131 do\u011fumlu olan Yunanistan&#8217;da<\/p><\/div>\n<div class=\"blog-btn\"><a href=\"https:\/\/mursalli.com\/\" class=\"home-blog-btn\">Daha fazlas\u0131n\u0131 oku<\/a><\/p>\n","protected":false},"author":1,"featured_media":0,"parent":0,"menu_order":10,"comment_status":"closed","ping_status":"open","template":"","meta":{"footnotes":""},"class_list":["post-2","page","type-page","status-publish","hentry"],"yoast_head":"<!-- This site is optimized with the Yoast SEO plugin v23.5 - https:\/\/yoast.com\/wordpress\/plugins\/seo\/ -->\n<title>Hakk\u0131m\u0131zda - MURSALLI<\/title>\n<meta name=\"description\" content=\"Bu web sitesinde Germencik \u0130l\u00e7esinin \u015firin bir mahallesi olan Lozan M\u00fcbadelesi ile g\u00fcndeme gelen Mursall\u0131&#039;y\u0131 tan\u0131tmay\u0131 ama\u00e7lad\u0131k.\" \/>\n<meta name=\"robots\" content=\"index, follow, max-snippet:-1, max-image-preview:large, max-video-preview:-1\" \/>\n<link rel=\"canonical\" href=\"https:\/\/mursalli.com\/\" \/>\n<meta property=\"og:locale\" content=\"tr_TR\" \/>\n<meta property=\"og:type\" content=\"article\" \/>\n<meta property=\"og:title\" content=\"Hakk\u0131m\u0131zda - MURSALLI\" \/>\n<meta property=\"og:description\" content=\"Bu web sitesinde Germencik \u0130l\u00e7esinin \u015firin bir mahallesi olan Lozan M\u00fcbadelesi ile g\u00fcndeme gelen Mursall\u0131&#039;y\u0131 tan\u0131tmay\u0131 ama\u00e7lad\u0131k.\" \/>\n<meta property=\"og:url\" content=\"https:\/\/mursalli.com\/\" \/>\n<meta property=\"og:site_name\" content=\"MURSALLI\" \/>\n<meta property=\"article:modified_time\" content=\"2024-10-09T08:33:08+00:00\" \/>\n<meta name=\"twitter:card\" content=\"summary_large_image\" \/>\n<meta name=\"twitter:label1\" content=\"Tahmini okuma s\u00fcresi\" \/>\n\t<meta name=\"twitter:data1\" content=\"1 dakika\" \/>\n<script type=\"application\/ld+json\" class=\"yoast-schema-graph\">{\"@context\":\"https:\/\/schema.org\",\"@graph\":[{\"@type\":\"WebPage\",\"@id\":\"https:\/\/mursalli.com\/\",\"url\":\"https:\/\/mursalli.com\/\",\"name\":\"Hakk\u0131m\u0131zda - MURSALLI\",\"isPartOf\":{\"@id\":\"https:\/\/mursalli.com\/#website\"},\"datePublished\":\"2018-02-06T11:12:22+00:00\",\"dateModified\":\"2024-10-09T08:33:08+00:00\",\"description\":\"Bu web sitesinde Germencik \u0130l\u00e7esinin \u015firin bir mahallesi olan Lozan M\u00fcbadelesi ile g\u00fcndeme gelen Mursall\u0131'y\u0131 tan\u0131tmay\u0131 ama\u00e7lad\u0131k.\",\"breadcrumb\":{\"@id\":\"https:\/\/mursalli.com\/#breadcrumb\"},\"inLanguage\":\"tr\",\"potentialAction\":[{\"@type\":\"ReadAction\",\"target\":[\"https:\/\/mursalli.com\/\"]}]},{\"@type\":\"BreadcrumbList\",\"@id\":\"https:\/\/mursalli.com\/#breadcrumb\",\"itemListElement\":[{\"@type\":\"ListItem\",\"position\":1,\"name\":\"Anasayfa\",\"item\":\"https:\/\/mursalli.com\/\"},{\"@type\":\"ListItem\",\"position\":2,\"name\":\"Hakk\u0131m\u0131zda\"}]},{\"@type\":\"WebSite\",\"@id\":\"https:\/\/mursalli.com\/#website\",\"url\":\"https:\/\/mursalli.com\/\",\"name\":\"MURSALLI\",\"description\":\"Germencik-AYDIN\",\"publisher\":{\"@id\":\"https:\/\/mursalli.com\/#organization\"},\"potentialAction\":[{\"@type\":\"SearchAction\",\"target\":{\"@type\":\"EntryPoint\",\"urlTemplate\":\"https:\/\/mursalli.com\/?s={search_term_string}\"},\"query-input\":{\"@type\":\"PropertyValueSpecification\",\"valueRequired\":true,\"valueName\":\"search_term_string\"}}],\"inLanguage\":\"tr\"},{\"@type\":\"Organization\",\"@id\":\"https:\/\/mursalli.com\/#organization\",\"name\":\"MURSALLI\",\"url\":\"https:\/\/mursalli.com\/\",\"logo\":{\"@type\":\"ImageObject\",\"inLanguage\":\"tr\",\"@id\":\"https:\/\/mursalli.com\/#\/schema\/logo\/image\/\",\"url\":\"https:\/\/mursalli.com\/wp-content\/uploads\/2021\/04\/cropped-fig_leaf.png\",\"contentUrl\":\"https:\/\/mursalli.com\/wp-content\/uploads\/2021\/04\/cropped-fig_leaf.png\",\"width\":512,\"height\":512,\"caption\":\"MURSALLI\"},\"image\":{\"@id\":\"https:\/\/mursalli.com\/#\/schema\/logo\/image\/\"}}]}<\/script>\n<!-- \/ Yoast SEO plugin. -->","yoast_head_json":{"title":"Hakk\u0131m\u0131zda - MURSALLI","description":"Bu web sitesinde Germencik \u0130l\u00e7esinin \u015firin bir mahallesi olan Lozan M\u00fcbadelesi ile g\u00fcndeme gelen Mursall\u0131'y\u0131 tan\u0131tmay\u0131 ama\u00e7lad\u0131k.","robots":{"index":"index","follow":"follow","max-snippet":"max-snippet:-1","max-image-preview":"max-image-preview:large","max-video-preview":"max-video-preview:-1"},"canonical":"https:\/\/mursalli.com\/","og_locale":"tr_TR","og_type":"article","og_title":"Hakk\u0131m\u0131zda - MURSALLI","og_description":"Bu web sitesinde Germencik \u0130l\u00e7esinin \u015firin bir mahallesi olan Lozan M\u00fcbadelesi ile g\u00fcndeme gelen Mursall\u0131'y\u0131 tan\u0131tmay\u0131 ama\u00e7lad\u0131k.","og_url":"https:\/\/mursalli.com\/","og_site_name":"MURSALLI","article_modified_time":"2024-10-09T08:33:08+00:00","twitter_card":"summary_large_image","twitter_misc":{"Tahmini okuma s\u00fcresi":"1 dakika"},"schema":{"@context":"https:\/\/schema.org","@graph":[{"@type":"WebPage","@id":"https:\/\/mursalli.com\/","url":"https:\/\/mursalli.com\/","name":"Hakk\u0131m\u0131zda - MURSALLI","isPartOf":{"@id":"https:\/\/mursalli.com\/#website"},"datePublished":"2018-02-06T11:12:22+00:00","dateModified":"2024-10-09T08:33:08+00:00","description":"Bu web sitesinde Germencik \u0130l\u00e7esinin \u015firin bir mahallesi olan Lozan M\u00fcbadelesi ile g\u00fcndeme gelen Mursall\u0131'y\u0131 tan\u0131tmay\u0131 ama\u00e7lad\u0131k.","breadcrumb":{"@id":"https:\/\/mursalli.com\/#breadcrumb"},"inLanguage":"tr","potentialAction":[{"@type":"ReadAction","target":["https:\/\/mursalli.com\/"]}]},{"@type":"BreadcrumbList","@id":"https:\/\/mursalli.com\/#breadcrumb","itemListElement":[{"@type":"ListItem","position":1,"name":"Anasayfa","item":"https:\/\/mursalli.com\/"},{"@type":"ListItem","position":2,"name":"Hakk\u0131m\u0131zda"}]},{"@type":"WebSite","@id":"https:\/\/mursalli.com\/#website","url":"https:\/\/mursalli.com\/","name":"MURSALLI","description":"Germencik-AYDIN","publisher":{"@id":"https:\/\/mursalli.com\/#organization"},"potentialAction":[{"@type":"SearchAction","target":{"@type":"EntryPoint","urlTemplate":"https:\/\/mursalli.com\/?s={search_term_string}"},"query-input":{"@type":"PropertyValueSpecification","valueRequired":true,"valueName":"search_term_string"}}],"inLanguage":"tr"},{"@type":"Organization","@id":"https:\/\/mursalli.com\/#organization","name":"MURSALLI","url":"https:\/\/mursalli.com\/","logo":{"@type":"ImageObject","inLanguage":"tr","@id":"https:\/\/mursalli.com\/#\/schema\/logo\/image\/","url":"https:\/\/mursalli.com\/wp-content\/uploads\/2021\/04\/cropped-fig_leaf.png","contentUrl":"https:\/\/mursalli.com\/wp-content\/uploads\/2021\/04\/cropped-fig_leaf.png","width":512,"height":512,"caption":"MURSALLI"},"image":{"@id":"https:\/\/mursalli.com\/#\/schema\/logo\/image\/"}}]}},"_links":{"self":[{"href":"https:\/\/mursalli.com\/index.php\/wp-json\/wp\/v2\/pages\/2"}],"collection":[{"href":"https:\/\/mursalli.com\/index.php\/wp-json\/wp\/v2\/pages"}],"about":[{"href":"https:\/\/mursalli.com\/index.php\/wp-json\/wp\/v2\/types\/page"}],"author":[{"embeddable":true,"href":"https:\/\/mursalli.com\/index.php\/wp-json\/wp\/v2\/users\/1"}],"replies":[{"embeddable":true,"href":"https:\/\/mursalli.com\/index.php\/wp-json\/wp\/v2\/comments?post=2"}],"version-history":[{"count":7,"href":"https:\/\/mursalli.com\/index.php\/wp-json\/wp\/v2\/pages\/2\/revisions"}],"predecessor-version":[{"id":16293,"href":"https:\/\/mursalli.com\/index.php\/wp-json\/wp\/v2\/pages\/2\/revisions\/16293"}],"wp:attachment":[{"href":"https:\/\/mursalli.com\/index.php\/wp-json\/wp\/v2\/media?parent=2"}],"curies":[{"name":"wp","href":"https:\/\/api.w.org\/{rel}","templated":true}]}}