{"id":37,"date":"2018-05-05T20:26:38","date_gmt":"2018-05-05T20:26:38","guid":{"rendered":"http:\/\/mursalli.com\/?page_id=37"},"modified":"2018-05-05T20:34:17","modified_gmt":"2018-05-05T20:34:17","slug":"tarihce","status":"publish","type":"page","link":"https:\/\/mursalli.com\/index.php\/tarihce\/","title":{"rendered":"Tarih\u00e7e"},"content":{"rendered":"<p>Mursall\u0131, Musa ve Ali ad\u0131nda iki karde\u015fin yerle\u015fmesiyle olu\u015fmu\u015f ve bunlar\u0131n ad\u0131ndan esinlenerek Musaali ad\u0131n\u0131 alm\u0131\u015ft\u0131r . 18yy da az\u0131nl\u0131klara tan\u0131nan \u00f6zel haklar bu yerle\u015fim yerine Rum aileleri yerle\u015fmi\u015f ve k\u00f6y\u00fcn ad\u0131n\u0131 Mursalli olarak de\u011fi\u015ftirmi\u015flerdir. Rumlar meslek etkinlikleri ticaret ve ta\u015f\u0131mac\u0131l\u0131k alan\u0131nda bu k\u00f6y\u00fc Ayd\u0131n\u2019\u0131n merkezi haline getirmi\u015ftir. Bu nedenle k\u00f6y\u00fcn ekonomik yap\u0131s\u0131 \u00e7evre k\u00f6y belde ve il\u00e7elere g\u00f6re daha geli\u015fmi\u015ftir.<\/p>\n<p>Kurtulu\u015f Sava\u015f\u0131nda yurdumuzdan at\u0131lan Yunan i\u015fgal kuvvetleri ile birlikte buradaki Yunanl\u0131 halk\u0131 bir k\u0131sm\u0131 buray\u0131 terk etmi\u015ftir. 30 Ocak 1923 tarihinde Lozan \u015fehrinde imzalanan n\u00fcfus m\u00fcbadelesi antla\u015fmas\u0131 ile Selanik ve Grevena&#8217;da bulunan T\u00fcrkler Atat\u00fcrk \u00f6nderli\u011finde bu k\u00f6ye yerle\u015fmi\u015flerdir. O g\u00fcne kadar Mursalli ad\u0131 ile bilinen Rum ticaret merkezinin ad\u0131 de\u011fi\u015ftirilerek Mursall\u0131 ad\u0131n\u0131 alm\u0131\u015ft\u0131r.<\/p>\n<p>Uzun y\u0131llar idari y\u00f6nden k\u00f6y olan Mursall\u0131 1957 y\u0131l\u0131nda belediye te\u015fkilat\u0131 kurulunca kasaba h\u00fcviyetine kavu\u015fmu\u015ftur. Mursall\u0131 kasabas\u0131 Ayd\u0131n ilinin Germencik il\u00e7esine ba\u011fl\u0131d\u0131r. Kasabam\u0131z\u0131n \u015fehir merkezi il\u00e7enin g\u00fcneybat\u0131s\u0131ndad\u0131r.<\/p>\n<p>\u0130l\u00e7e merkezine uzakl\u0131\u011f\u0131 5\u00a0\u00a0 km&#8217;dir. Kasabam\u0131z Reisk\u00f6y, Karaa\u011fa\u00e7l\u0131 K\u00f6y\u00fc, \u00dcz\u00fcml\u00fc, Moral\u0131 ve Tekink\u00f6y ile \u00e7evrilmi\u015ftir. Kasaban\u0131n g\u00fcney ve bat\u0131 y\u00f6nleri k\u00fc\u00e7\u00fck tepelerle kuzeyi d\u00fczl\u00fck ve incir bah\u00e7eleri ile \u00e7evrilidir. Kasaban\u0131n en y\u00fcksek yeri Tarassut Tepesidir. Bu tepe b\u00fcy\u00fck taarruz sonras\u0131 b\u00fcy\u00fck \u00f6nder Mustafa Kemal Atat\u00fcrk taraf\u0131ndan ziyaret edilmi\u015ftir. Bu tepenin y\u00fcksekli\u011fi 275 m.dir. Kasaban\u0131n ise ortalama y\u00fcksekli\u011fi 90 metredir. Kasabam\u0131zda incir, zeytin ve pamuk yeti\u015fmektedir. Bunlardan ba\u015fka \u00e7ok az miktarda sebze ve narenciye mevcuttur. Kasabam\u0131z\u0131n il\u00e7e ve \u00e7evre k\u00f6yleri ile yol ba\u011flant\u0131s\u0131 gayet iyi olup yolu asfaltt\u0131r.<br \/>\nKasabam\u0131zda Rumlardan kalma bir tane kilise ve bir ka\u00e7 tane ah\u015fap ev mevcuttur. Kasaban\u0131n g\u00f6r\u00fcnmeye de\u011fer Egemenlik Milli Park\u0131(\u015eahin Tepesi) ile 1937 y\u0131l\u0131nda Mustafa Kemal Atat\u00fcrk&#8217;\u00fcn B\u00fcy\u00fck Manevra nedeni ile gelip kald\u0131\u011f\u0131 ve \u00e7evreyi g\u00f6zetledi\u011fi Tarassut tepesi mevcuttur. \u015eahin Tepesi ile Tarrasut Tepesinde Ayd\u0131n &#8211; S\u00f6ke aras\u0131ndaki t\u00fcm yerle\u015fim birimlerini g\u00f6rmek m\u00fcmk\u00fcnd\u00fcr.<\/p>\n<p>1- Etnik Yap\u0131<br \/>\nKurtulu\u015f sava\u015f\u0131 sonras\u0131 T\u00fcrkiye B\u00fcy\u00fck Millet Meclisi h\u00fck\u00fcmetiyle Yunan h\u00fck\u00fcmeti aras\u0131nda 30 Ocak 1923 tarihinde Lozan \u015fehrinde imzalan N\u00fcfus M\u00fcbadelesi s\u00f6zle\u015fmeler ile Mursall\u0131&#8217;da bulunan Yunanl\u0131lar ve Selanik-Grevena belde ve k\u00f6ylerdeki T\u00fcrkler ile yer de\u011fi\u015ftirmi\u015flerdir. Yunanistan\u2019dan gelen T\u00fcrkler kasaba n\u00fcfusunu %75&#8217;ni, Arnavutluktan gelen T\u00fcrkler kasaba n\u00fcfusunu %25 ini olu\u015fturmu\u015flard\u0131r.<\/p>\n<p>Mursall\u0131dan giden Rumlar ise E\u011friboz (Evia) adas\u0131na g\u00f6\u00e7 ettiler. Orada ikamet ettikleri k\u00f6ylerinin ad\u0131 yak\u0131n zamana kadar Neo Mursalli (Yeni Mursall\u0131) iken, \u015fu anda k\u00f6y\u00fcn ad\u0131 Taxiarkhea olarak de\u011fi\u015fmi\u015ftir. Bu isim Mursall\u0131 K\u00f6y\u00fcndeki Kilisenin ad\u0131 olup, buradaki bir ikonan\u0131n da ad\u0131d\u0131r. Bu ikona g\u00f6\u00e7 edilirken birlikte g\u00f6t\u00fcr\u00fclm\u00fc\u015f olup orijinali Neo Mursalli K\u00f6y\u00fcn\u00fcn Kilisesinde bulunmaktad\u0131r.<\/p>\n<p>2- 1923 y\u0131l\u0131nda (g\u00f6\u00e7ten bir y\u0131l \u00f6nce) Grevena \u00c7evresindeki K\u00f6ylerde Yap\u0131lan N\u00fcfus Say\u0131m\u0131. K\u00f6ylerin eski ve yeni adlar\u0131 verilmi\u015ftir.<\/p>\n<table width=\"94%\">\n<tbody>\n<tr>\n<td width=\"100%\">&nbsp;<\/p>\n<table width=\"295\">\n<tbody>\n<tr>\n<td width=\"104\">Yeni ad\u0131<\/td>\n<td width=\"98\">Eski ad\u0131<\/td>\n<td width=\"42\">Hane<\/td>\n<td width=\"51\">N\u00fcfus<\/td>\n<\/tr>\n<tr>\n<td width=\"104\">A\u011falei<\/td>\n<td width=\"98\">A\u011falei<\/td>\n<td width=\"42\">18<\/td>\n<td width=\"51\">85<\/td>\n<\/tr>\n<tr>\n<td width=\"104\">AyioYeorgios<\/td>\n<td width=\"98\">\u00c7urhli<\/td>\n<td width=\"42\">90<\/td>\n<td width=\"51\">400<\/td>\n<\/tr>\n<tr>\n<td width=\"104\">Anavrita<\/td>\n<td width=\"98\">Vrastinon<\/td>\n<td width=\"42\">40<\/td>\n<td width=\"51\">212<\/td>\n<\/tr>\n<tr>\n<td width=\"104\">Vatolakkos<\/td>\n<td width=\"98\">Dovraton<\/td>\n<td width=\"42\">71<\/td>\n<td width=\"51\">381<\/td>\n<\/tr>\n<tr>\n<td width=\"104\">Grevena<\/td>\n<td width=\"98\">Grevena<\/td>\n<td width=\"42\">40<\/td>\n<td width=\"51\">200<\/td>\n<\/tr>\n<tr>\n<td width=\"104\">Elatos<\/td>\n<td width=\"98\">Dovran<\/td>\n<td width=\"42\">35<\/td>\n<td width=\"51\">225<\/td>\n<\/tr>\n<tr>\n<td width=\"104\">Kastro<\/td>\n<td width=\"98\">Kastro<\/td>\n<td width=\"42\">45<\/td>\n<td width=\"51\">246<\/td>\n<\/tr>\n<tr>\n<td width=\"104\">Kendron<\/td>\n<td width=\"98\">Vitsia<\/td>\n<td width=\"42\">35<\/td>\n<td width=\"51\">260<\/td>\n<\/tr>\n<tr>\n<td width=\"104\">Kivotos<\/td>\n<td width=\"98\">Krif\u00e7e<\/td>\n<td width=\"42\">187<\/td>\n<td width=\"51\">897<\/td>\n<\/tr>\n<tr>\n<td width=\"104\">Klimatakion<\/td>\n<td width=\"98\">Dovrunitsa<\/td>\n<td width=\"42\">45<\/td>\n<td width=\"51\">300<\/td>\n<\/tr>\n<tr>\n<td width=\"104\">Kokkinia<\/td>\n<td width=\"98\">Sumbinon<\/td>\n<td width=\"42\">50<\/td>\n<td width=\"51\">200<\/td>\n<\/tr>\n<tr>\n<td width=\"104\">Kirakali<\/td>\n<td width=\"98\">Kirakali<\/td>\n<td width=\"42\">38<\/td>\n<td width=\"51\">215<\/td>\n<\/tr>\n<tr>\n<td width=\"104\">Megalo Sirini<\/td>\n<td width=\"98\">Megalo Sirini<\/td>\n<td width=\"42\">18<\/td>\n<td width=\"51\">100<\/td>\n<\/tr>\n<tr>\n<td width=\"104\">Mirsina<\/td>\n<td width=\"98\">Gublar<\/td>\n<td width=\"42\">78<\/td>\n<td width=\"51\">385<\/td>\n<\/tr>\n<tr>\n<td width=\"104\">Mila<\/td>\n<td width=\"98\">Mila<\/td>\n<td width=\"42\">4<\/td>\n<td width=\"51\">15<\/td>\n<\/tr>\n<tr>\n<td width=\"104\">Nisi<\/td>\n<td width=\"98\">Nisinikos<\/td>\n<td width=\"42\">33<\/td>\n<td width=\"51\">200<\/td>\n<\/tr>\n<tr>\n<td width=\"104\">Pigaditsa<\/td>\n<td width=\"98\">Pigaditsa<\/td>\n<td width=\"42\">115<\/td>\n<td width=\"51\">418<\/td>\n<\/tr>\n<tr>\n<td width=\"104\">Pondini<\/td>\n<td width=\"98\">Toritsa<\/td>\n<td width=\"42\">85<\/td>\n<td width=\"51\">500<\/td>\n<\/tr>\n<tr>\n<td width=\"104\">Sidenoron<\/td>\n<td width=\"98\">Triven<\/td>\n<td width=\"42\">50<\/td>\n<td width=\"51\">180<\/td>\n<\/tr>\n<\/tbody>\n<\/table>\n<\/td>\n<\/tr>\n<\/tbody>\n<\/table>\n<p>3-\u00a01924 y\u0131l\u0131nda g\u00f6\u00e7 ile Mursall\u0131 Kasabas\u0131na yerle\u015fen ailelerin isim ve soyadlar\u0131 ve gelmi\u015f olduklar\u0131 k\u00f6yler a\u015fa\u011f\u0131da verilmektedir:<\/p>\n<p>1) Kamber AK\u00c7ANAL:Dovrunsta (Klimatek)<br \/>\n2) Akif KESK\u0130N: Gublar (Mirsina)<br \/>\n3) \u0130smail KONAR\u0130: Dovrunsta (Klimatek)<br \/>\n4) Ali ALTINKAYA: Gublar (Mirsina)<br \/>\n5) \u015euayip B\u0130NAT: Kastro<br \/>\n6) Salih YAL\u00c7INKAYA: Krif\u00e7e (Kivotos)<br \/>\n7) Cevat AYNA: Gublar (Mirsina)<br \/>\n8) Kaz\u0131m KARABIYIK: Krif\u00e7e (Kivotos)<br \/>\n9) Abbas \u00c7INAR: Megalo Sirini<br \/>\n10) Mehmet \u00d6ZMEN: Dovratova (Vatolakos)<br \/>\n11) Adem BOZOK: Gublar (Mirsina)<br \/>\n12) Hidayet \u00d6ZKAYA : Gublar (Mirsina)<br \/>\n13) Hutbi URGANCI: Dovrunsta (Klimatek)<br \/>\n14) H\u00fcsamettin \u00d6ZERKAYA: Torsta (Pondini)<br \/>\n15) Abdurrahim ASI: Megalo Sirini<br \/>\n16) Yusuf CELEP: Gublar (Mirsina)<br \/>\n17) Galip DUVARCI: Dovrunsta (Klimatek)<br \/>\n18) Mehmet G\u00dcLTOPLAR: Dovrunsta (Klimatek)<br \/>\n19) Yakup O\u011eUZ: Gublar (Mirsina)<br \/>\n20) Tahsin ARABACI: Megalo Sirini<br \/>\n21) \u0130brahim G\u00dcNG\u00d6R: Gublar (Mirsina)<br \/>\n22) Tahsin \u00d6NDER: Gublar (Mirsina)<br \/>\n23) Mustafa KOYUNCU: Krif\u00e7e (Kivotos)<br \/>\n24) \u0130brahim O\u011eAN: Krif\u00e7e (Kivotos)<br \/>\n25) Tahsin D\u00dcNDAR: Sumbinon<br \/>\n26) Ekrem UZUN: Sumbinon<br \/>\n27) Hac\u0131 KAYAS: Sumbinon<br \/>\n28) Cafer SER\u0130N: \u00c7urhli (Aya Yorgi)<br \/>\n29) \u015eefket POLAT: Dovratova (Vatolakos)<br \/>\n30) Talip ENDER: Megalo Sirini<br \/>\n31) Hayrullah KESER: Gublar (Mirsina)<br \/>\n32) Hasbi ALTAY: Gublar (Mirsina)<br \/>\n33) Hasan G\u00dcZBAHAR: Gublar (Mirsina)<br \/>\n34) Ramiz G\u00dcREL: Trivini<br \/>\n35) Kazim B\u0130NAY: Venca<br \/>\n36) Ramiz G\u0130RG\u0130N: Triven (Sidendro)<br \/>\n37) \u0130brahim Y\u00dcCEDA\u011e: Triven (Sidendro)<br \/>\n38) S\u00fcleyman \u00d6ZATLI: Gublar (Mirsina)<br \/>\n39) Kemal KAYAS: Megalo Sirini<br \/>\n40) Hasbi SER\u0130N: Megalo Sirini<br \/>\n41) Mevl\u00fct KIRAL: Megalo Sirini<br \/>\n42) Musa ZEYT\u0130NC\u0130: Gublar (Mirsina)<br \/>\n43) Yakup \u00c7ET\u0130NKAYA: Gublar (Mirsina)<br \/>\n44) Hasan \u00d6ZT\u00dcRK: Gublar (Mirsina)<br \/>\n45) Mustafa ARSLAN: Kastro<br \/>\n46) Arslan KORKMAZ: Dovratova (Vatolakos)<br \/>\n47) Bahri FENN\u0130 : Dovrani (Elatos)<br \/>\n48) Murat BAKKAL: Pigadit\u00e7a<br \/>\n49) Behzat BALTACI: Blot \u00a0(Ptimbla)<br \/>\n50) Ahmet KANMI\u015e: Grevena<br \/>\n51) Hasan \u0130PEK: Grevena<\/p>\n<p>52) \u0130smail \u00d6D\u00dcK: Krif\u00e7e (Kivotos)<br \/>\n53) Kamil \u00d6ZERKAYA: Torsta (Pondini)<\/p>\n<p>54) Ferit \u00d6ZT\u00dcRK :Gublar (Mirsina)<\/p>\n<p>55) Seyfettin G\u00dcNAY: Dovratova (Vatolakos)<\/p>\n<p>56) H\u00fcseyin G\u00d6N\u00dcL: Dovratova (Vatolakos)<\/p>\n<p>57) Murat KARABULUT: Dovratova (Vatolakos)<\/p>\n<p>58) \u015eefket KARABULUT: Dovratova (Vatolakos)<\/p>\n<p>59) \u0130dris \u00d6ZEGE Gublar (Mirsina)<\/p>\n<p>60) \u0130brahim S\u0130NAN Grevena<br \/>\n61) Z\u00fclk\u00fcf DE\u011e\u0130RMENC\u0130 Gublar (Mirsina)<\/p>\n<p>62) Seyfettin S\u0130VR\u0130 Gublar (Mirsina)<\/p>\n<p>63) Tahsin \u00c7OBAN Gublar (Mirsina)<\/p>\n<p>64) S\u00fcleyman TAL\u0130 Gublar (Mirsina)<\/p>\n<p>65)Cabir CAN Gublar (Mirsina)<\/p>\n<p>66) Fevzi CAN Gublar (Mirsina)<\/p>\n<p>67) \u0130smail \u00d6D\u00dcK Gublar (Mirsina)<\/p>\n<p>68) H\u00fcseyin D\u0130N\u00c7 Gublar (Mirsina)<\/p>\n<p>69) Hac\u0131 H\u00fcseyin BUCALI (Girit)<\/p>\n<p>70) Kazim \u00d6ZERKAYA (Torsta-Pondini)<\/p>\n<p>71)\u0130brahim TOP\u00c7U (Triven)<\/p>\n<p>72) Ahmet TO\u00c7U (Triven)<\/p>\n<p>73)Ziyattin UZUN (Sumbinu)<\/p>\n<p>74)Hac\u0131 Mehmet\u00a0BOZOK: Gublar (Mirsina)<br \/>\n75)\u0130smail BOZOK: Gublar (Mirsina)<\/p>\n<p>76)Fevzi KARATA\u015e<\/p>\n<p>&#8230;&#8230;<\/p>\n","protected":false},"excerpt":{"rendered":"<p>Mursall\u0131, Musa ve Ali ad\u0131nda iki karde\u015fin yerle\u015fmesiyle olu\u015fmu\u015f ve bunlar\u0131n ad\u0131ndan esinlenerek Musaali ad\u0131n\u0131 alm\u0131\u015ft\u0131r . 18yy da az\u0131nl\u0131klara tan\u0131nan \u00f6zel haklar bu yerle\u015fim yerine Rum aileleri yerle\u015fmi\u015f ve k\u00f6y\u00fcn ad\u0131n\u0131 Mursalli olarak de\u011fi\u015ftirmi\u015flerdir. Rumlar meslek etkinlikleri ticaret ve ta\u015f\u0131mac\u0131l\u0131k alan\u0131nda bu k\u00f6y\u00fc Ayd\u0131n\u2019\u0131n merkezi haline getirmi\u015ftir. Bu nedenle k\u00f6y\u00fcn ekonomik yap\u0131s\u0131 \u00e7evre k\u00f6y<\/p><\/div>\n<div class=\"blog-btn\"><a href=\"https:\/\/mursalli.com\/index.php\/tarihce\/\" class=\"home-blog-btn\">Daha fazlas\u0131n\u0131 oku<\/a><\/p>\n","protected":false},"author":2,"featured_media":0,"parent":0,"menu_order":20,"comment_status":"closed","ping_status":"closed","template":"","meta":{"footnotes":""},"class_list":["post-37","page","type-page","status-publish","hentry"],"yoast_head":"<!-- This site is optimized with the Yoast SEO plugin v23.5 - https:\/\/yoast.com\/wordpress\/plugins\/seo\/ -->\n<title>Tarih\u00e7e - MURSALLI<\/title>\n<meta name=\"robots\" content=\"index, follow, max-snippet:-1, max-image-preview:large, max-video-preview:-1\" \/>\n<link rel=\"canonical\" href=\"https:\/\/mursalli.com\/index.php\/tarihce\/\" \/>\n<meta property=\"og:locale\" content=\"tr_TR\" \/>\n<meta property=\"og:type\" content=\"article\" \/>\n<meta property=\"og:title\" content=\"Tarih\u00e7e - MURSALLI\" \/>\n<meta property=\"og:description\" content=\"Mursall\u0131, Musa ve Ali ad\u0131nda iki karde\u015fin yerle\u015fmesiyle olu\u015fmu\u015f ve bunlar\u0131n ad\u0131ndan esinlenerek Musaali ad\u0131n\u0131 alm\u0131\u015ft\u0131r . 18yy da az\u0131nl\u0131klara tan\u0131nan \u00f6zel haklar bu yerle\u015fim yerine Rum aileleri yerle\u015fmi\u015f ve k\u00f6y\u00fcn ad\u0131n\u0131 Mursalli olarak de\u011fi\u015ftirmi\u015flerdir. Rumlar meslek etkinlikleri ticaret ve ta\u015f\u0131mac\u0131l\u0131k alan\u0131nda bu k\u00f6y\u00fc Ayd\u0131n\u2019\u0131n merkezi haline getirmi\u015ftir. Bu nedenle k\u00f6y\u00fcn ekonomik yap\u0131s\u0131 \u00e7evre k\u00f6yDaha fazlas\u0131n\u0131 oku\" \/>\n<meta property=\"og:url\" content=\"https:\/\/mursalli.com\/index.php\/tarihce\/\" \/>\n<meta property=\"og:site_name\" content=\"MURSALLI\" \/>\n<meta property=\"article:modified_time\" content=\"2018-05-05T20:34:17+00:00\" \/>\n<meta name=\"twitter:card\" content=\"summary_large_image\" \/>\n<meta name=\"twitter:label1\" content=\"Tahmini okuma s\u00fcresi\" \/>\n\t<meta name=\"twitter:data1\" content=\"5 dakika\" \/>\n<script type=\"application\/ld+json\" class=\"yoast-schema-graph\">{\"@context\":\"https:\/\/schema.org\",\"@graph\":[{\"@type\":\"WebPage\",\"@id\":\"https:\/\/mursalli.com\/index.php\/tarihce\/\",\"url\":\"https:\/\/mursalli.com\/index.php\/tarihce\/\",\"name\":\"Tarih\u00e7e - MURSALLI\",\"isPartOf\":{\"@id\":\"https:\/\/mursalli.com\/#website\"},\"datePublished\":\"2018-05-05T20:26:38+00:00\",\"dateModified\":\"2018-05-05T20:34:17+00:00\",\"breadcrumb\":{\"@id\":\"https:\/\/mursalli.com\/index.php\/tarihce\/#breadcrumb\"},\"inLanguage\":\"tr\",\"potentialAction\":[{\"@type\":\"ReadAction\",\"target\":[\"https:\/\/mursalli.com\/index.php\/tarihce\/\"]}]},{\"@type\":\"BreadcrumbList\",\"@id\":\"https:\/\/mursalli.com\/index.php\/tarihce\/#breadcrumb\",\"itemListElement\":[{\"@type\":\"ListItem\",\"position\":1,\"name\":\"Anasayfa\",\"item\":\"https:\/\/mursalli.com\/\"},{\"@type\":\"ListItem\",\"position\":2,\"name\":\"Tarih\u00e7e\"}]},{\"@type\":\"WebSite\",\"@id\":\"https:\/\/mursalli.com\/#website\",\"url\":\"https:\/\/mursalli.com\/\",\"name\":\"MURSALLI\",\"description\":\"Germencik-AYDIN\",\"publisher\":{\"@id\":\"https:\/\/mursalli.com\/#organization\"},\"potentialAction\":[{\"@type\":\"SearchAction\",\"target\":{\"@type\":\"EntryPoint\",\"urlTemplate\":\"https:\/\/mursalli.com\/?s={search_term_string}\"},\"query-input\":{\"@type\":\"PropertyValueSpecification\",\"valueRequired\":true,\"valueName\":\"search_term_string\"}}],\"inLanguage\":\"tr\"},{\"@type\":\"Organization\",\"@id\":\"https:\/\/mursalli.com\/#organization\",\"name\":\"MURSALLI\",\"url\":\"https:\/\/mursalli.com\/\",\"logo\":{\"@type\":\"ImageObject\",\"inLanguage\":\"tr\",\"@id\":\"https:\/\/mursalli.com\/#\/schema\/logo\/image\/\",\"url\":\"https:\/\/mursalli.com\/wp-content\/uploads\/2021\/04\/cropped-fig_leaf.png\",\"contentUrl\":\"https:\/\/mursalli.com\/wp-content\/uploads\/2021\/04\/cropped-fig_leaf.png\",\"width\":512,\"height\":512,\"caption\":\"MURSALLI\"},\"image\":{\"@id\":\"https:\/\/mursalli.com\/#\/schema\/logo\/image\/\"}}]}<\/script>\n<!-- \/ Yoast SEO plugin. -->","yoast_head_json":{"title":"Tarih\u00e7e - MURSALLI","robots":{"index":"index","follow":"follow","max-snippet":"max-snippet:-1","max-image-preview":"max-image-preview:large","max-video-preview":"max-video-preview:-1"},"canonical":"https:\/\/mursalli.com\/index.php\/tarihce\/","og_locale":"tr_TR","og_type":"article","og_title":"Tarih\u00e7e - MURSALLI","og_description":"Mursall\u0131, Musa ve Ali ad\u0131nda iki karde\u015fin yerle\u015fmesiyle olu\u015fmu\u015f ve bunlar\u0131n ad\u0131ndan esinlenerek Musaali ad\u0131n\u0131 alm\u0131\u015ft\u0131r . 18yy da az\u0131nl\u0131klara tan\u0131nan \u00f6zel haklar bu yerle\u015fim yerine Rum aileleri yerle\u015fmi\u015f ve k\u00f6y\u00fcn ad\u0131n\u0131 Mursalli olarak de\u011fi\u015ftirmi\u015flerdir. Rumlar meslek etkinlikleri ticaret ve ta\u015f\u0131mac\u0131l\u0131k alan\u0131nda bu k\u00f6y\u00fc Ayd\u0131n\u2019\u0131n merkezi haline getirmi\u015ftir. Bu nedenle k\u00f6y\u00fcn ekonomik yap\u0131s\u0131 \u00e7evre k\u00f6yDaha fazlas\u0131n\u0131 oku","og_url":"https:\/\/mursalli.com\/index.php\/tarihce\/","og_site_name":"MURSALLI","article_modified_time":"2018-05-05T20:34:17+00:00","twitter_card":"summary_large_image","twitter_misc":{"Tahmini okuma s\u00fcresi":"5 dakika"},"schema":{"@context":"https:\/\/schema.org","@graph":[{"@type":"WebPage","@id":"https:\/\/mursalli.com\/index.php\/tarihce\/","url":"https:\/\/mursalli.com\/index.php\/tarihce\/","name":"Tarih\u00e7e - MURSALLI","isPartOf":{"@id":"https:\/\/mursalli.com\/#website"},"datePublished":"2018-05-05T20:26:38+00:00","dateModified":"2018-05-05T20:34:17+00:00","breadcrumb":{"@id":"https:\/\/mursalli.com\/index.php\/tarihce\/#breadcrumb"},"inLanguage":"tr","potentialAction":[{"@type":"ReadAction","target":["https:\/\/mursalli.com\/index.php\/tarihce\/"]}]},{"@type":"BreadcrumbList","@id":"https:\/\/mursalli.com\/index.php\/tarihce\/#breadcrumb","itemListElement":[{"@type":"ListItem","position":1,"name":"Anasayfa","item":"https:\/\/mursalli.com\/"},{"@type":"ListItem","position":2,"name":"Tarih\u00e7e"}]},{"@type":"WebSite","@id":"https:\/\/mursalli.com\/#website","url":"https:\/\/mursalli.com\/","name":"MURSALLI","description":"Germencik-AYDIN","publisher":{"@id":"https:\/\/mursalli.com\/#organization"},"potentialAction":[{"@type":"SearchAction","target":{"@type":"EntryPoint","urlTemplate":"https:\/\/mursalli.com\/?s={search_term_string}"},"query-input":{"@type":"PropertyValueSpecification","valueRequired":true,"valueName":"search_term_string"}}],"inLanguage":"tr"},{"@type":"Organization","@id":"https:\/\/mursalli.com\/#organization","name":"MURSALLI","url":"https:\/\/mursalli.com\/","logo":{"@type":"ImageObject","inLanguage":"tr","@id":"https:\/\/mursalli.com\/#\/schema\/logo\/image\/","url":"https:\/\/mursalli.com\/wp-content\/uploads\/2021\/04\/cropped-fig_leaf.png","contentUrl":"https:\/\/mursalli.com\/wp-content\/uploads\/2021\/04\/cropped-fig_leaf.png","width":512,"height":512,"caption":"MURSALLI"},"image":{"@id":"https:\/\/mursalli.com\/#\/schema\/logo\/image\/"}}]}},"_links":{"self":[{"href":"https:\/\/mursalli.com\/index.php\/wp-json\/wp\/v2\/pages\/37"}],"collection":[{"href":"https:\/\/mursalli.com\/index.php\/wp-json\/wp\/v2\/pages"}],"about":[{"href":"https:\/\/mursalli.com\/index.php\/wp-json\/wp\/v2\/types\/page"}],"author":[{"embeddable":true,"href":"https:\/\/mursalli.com\/index.php\/wp-json\/wp\/v2\/users\/2"}],"replies":[{"embeddable":true,"href":"https:\/\/mursalli.com\/index.php\/wp-json\/wp\/v2\/comments?post=37"}],"version-history":[{"count":3,"href":"https:\/\/mursalli.com\/index.php\/wp-json\/wp\/v2\/pages\/37\/revisions"}],"predecessor-version":[{"id":41,"href":"https:\/\/mursalli.com\/index.php\/wp-json\/wp\/v2\/pages\/37\/revisions\/41"}],"wp:attachment":[{"href":"https:\/\/mursalli.com\/index.php\/wp-json\/wp\/v2\/media?parent=37"}],"curies":[{"name":"wp","href":"https:\/\/api.w.org\/{rel}","templated":true}]}}