{"id":371,"date":"2018-05-05T21:39:33","date_gmt":"2018-05-05T21:39:33","guid":{"rendered":"http:\/\/mursalli.com\/?page_id=371"},"modified":"2018-05-05T21:39:40","modified_gmt":"2018-05-05T21:39:40","slug":"video-tanitimlar","status":"publish","type":"page","link":"https:\/\/mursalli.com\/index.php\/video-tanitimlar\/","title":{"rendered":"Video Tan\u0131t\u0131mlar"},"content":{"rendered":"<p><iframe loading=\"lazy\" title=\"Mursall\u0131 Belgeseli EPT3 TV-1.B\u00f6l\u00fcm\" width=\"696\" height=\"522\" src=\"https:\/\/www.youtube.com\/embed\/QFZt3sBOuf4?feature=oembed\" frameborder=\"0\" allow=\"accelerometer; autoplay; clipboard-write; encrypted-media; gyroscope; picture-in-picture\" allowfullscreen><\/iframe><\/p>\n<p><iframe loading=\"lazy\" title=\"Mursall\u0131 Belgeseli EPT3 TV-2.B\u00f6l\u00fcm\" width=\"696\" height=\"522\" src=\"https:\/\/www.youtube.com\/embed\/IA29kC456pg?feature=oembed\" frameborder=\"0\" allow=\"accelerometer; autoplay; clipboard-write; encrypted-media; gyroscope; picture-in-picture\" allowfullscreen><\/iframe><\/p>\n<p><iframe loading=\"lazy\" title=\"Ad\u0131m Ad\u0131m T\u00fcrkiye Ayd\u0131n Mursall\u0131\" width=\"696\" height=\"392\" src=\"https:\/\/www.youtube.com\/embed\/8B67zC918EQ?feature=oembed\" frameborder=\"0\" allow=\"accelerometer; autoplay; clipboard-write; encrypted-media; gyroscope; picture-in-picture\" allowfullscreen><\/iframe><\/p>\n<p><iframe loading=\"lazy\" title=\"Mursall\u0131\" width=\"696\" height=\"392\" src=\"https:\/\/www.youtube.com\/embed\/JesPu8HxrlU?feature=oembed\" frameborder=\"0\" allow=\"accelerometer; autoplay; clipboard-write; encrypted-media; gyroscope; picture-in-picture\" allowfullscreen><\/iframe><\/p>\n","protected":false},"excerpt":{"rendered":"","protected":false},"author":2,"featured_media":0,"parent":0,"menu_order":50,"comment_status":"closed","ping_status":"closed","template":"","meta":{"footnotes":""},"class_list":["post-371","page","type-page","status-publish","hentry"],"yoast_head":"<!-- This site is optimized with the Yoast SEO plugin v23.5 - https:\/\/yoast.com\/wordpress\/plugins\/seo\/ -->\n<title>Video Tan\u0131t\u0131mlar - MURSALLI<\/title>\n<meta name=\"robots\" content=\"index, follow, max-snippet:-1, max-image-preview:large, max-video-preview:-1\" \/>\n<link rel=\"canonical\" href=\"https:\/\/mursalli.com\/index.php\/video-tanitimlar\/\" \/>\n<meta property=\"og:locale\" content=\"tr_TR\" \/>\n<meta property=\"og:type\" content=\"article\" \/>\n<meta property=\"og:title\" content=\"Video Tan\u0131t\u0131mlar - MURSALLI\" \/>\n<meta property=\"og:url\" content=\"https:\/\/mursalli.com\/index.php\/video-tanitimlar\/\" \/>\n<meta property=\"og:site_name\" content=\"MURSALLI\" \/>\n<meta property=\"article:modified_time\" content=\"2018-05-05T21:39:40+00:00\" \/>\n<meta name=\"twitter:card\" content=\"summary_large_image\" \/>\n<script type=\"application\/ld+json\" class=\"yoast-schema-graph\">{\"@context\":\"https:\/\/schema.org\",\"@graph\":[{\"@type\":\"WebPage\",\"@id\":\"https:\/\/mursalli.com\/index.php\/video-tanitimlar\/\",\"url\":\"https:\/\/mursalli.com\/index.php\/video-tanitimlar\/\",\"name\":\"Video Tan\u0131t\u0131mlar - MURSALLI\",\"isPartOf\":{\"@id\":\"https:\/\/mursalli.com\/#website\"},\"datePublished\":\"2018-05-05T21:39:33+00:00\",\"dateModified\":\"2018-05-05T21:39:40+00:00\",\"breadcrumb\":{\"@id\":\"https:\/\/mursalli.com\/index.php\/video-tanitimlar\/#breadcrumb\"},\"inLanguage\":\"tr\",\"potentialAction\":[{\"@type\":\"ReadAction\",\"target\":[\"https:\/\/mursalli.com\/index.php\/video-tanitimlar\/\"]}]},{\"@type\":\"BreadcrumbList\",\"@id\":\"https:\/\/mursalli.com\/index.php\/video-tanitimlar\/#breadcrumb\",\"itemListElement\":[{\"@type\":\"ListItem\",\"position\":1,\"name\":\"Anasayfa\",\"item\":\"https:\/\/mursalli.com\/\"},{\"@type\":\"ListItem\",\"position\":2,\"name\":\"Video Tan\u0131t\u0131mlar\"}]},{\"@type\":\"WebSite\",\"@id\":\"https:\/\/mursalli.com\/#website\",\"url\":\"https:\/\/mursalli.com\/\",\"name\":\"MURSALLI\",\"description\":\"Germencik-AYDIN\",\"publisher\":{\"@id\":\"https:\/\/mursalli.com\/#organization\"},\"potentialAction\":[{\"@type\":\"SearchAction\",\"target\":{\"@type\":\"EntryPoint\",\"urlTemplate\":\"https:\/\/mursalli.com\/?s={search_term_string}\"},\"query-input\":{\"@type\":\"PropertyValueSpecification\",\"valueRequired\":true,\"valueName\":\"search_term_string\"}}],\"inLanguage\":\"tr\"},{\"@type\":\"Organization\",\"@id\":\"https:\/\/mursalli.com\/#organization\",\"name\":\"MURSALLI\",\"url\":\"https:\/\/mursalli.com\/\",\"logo\":{\"@type\":\"ImageObject\",\"inLanguage\":\"tr\",\"@id\":\"https:\/\/mursalli.com\/#\/schema\/logo\/image\/\",\"url\":\"https:\/\/mursalli.com\/wp-content\/uploads\/2021\/04\/cropped-fig_leaf.png\",\"contentUrl\":\"https:\/\/mursalli.com\/wp-content\/uploads\/2021\/04\/cropped-fig_leaf.png\",\"width\":512,\"height\":512,\"caption\":\"MURSALLI\"},\"image\":{\"@id\":\"https:\/\/mursalli.com\/#\/schema\/logo\/image\/\"}}]}<\/script>\n<!-- \/ Yoast SEO plugin. -->","yoast_head_json":{"title":"Video Tan\u0131t\u0131mlar - MURSALLI","robots":{"index":"index","follow":"follow","max-snippet":"max-snippet:-1","max-image-preview":"max-image-preview:large","max-video-preview":"max-video-preview:-1"},"canonical":"https:\/\/mursalli.com\/index.php\/video-tanitimlar\/","og_locale":"tr_TR","og_type":"article","og_title":"Video Tan\u0131t\u0131mlar - MURSALLI","og_url":"https:\/\/mursalli.com\/index.php\/video-tanitimlar\/","og_site_name":"MURSALLI","article_modified_time":"2018-05-05T21:39:40+00:00","twitter_card":"summary_large_image","schema":{"@context":"https:\/\/schema.org","@graph":[{"@type":"WebPage","@id":"https:\/\/mursalli.com\/index.php\/video-tanitimlar\/","url":"https:\/\/mursalli.com\/index.php\/video-tanitimlar\/","name":"Video Tan\u0131t\u0131mlar - MURSALLI","isPartOf":{"@id":"https:\/\/mursalli.com\/#website"},"datePublished":"2018-05-05T21:39:33+00:00","dateModified":"2018-05-05T21:39:40+00:00","breadcrumb":{"@id":"https:\/\/mursalli.com\/index.php\/video-tanitimlar\/#breadcrumb"},"inLanguage":"tr","potentialAction":[{"@type":"ReadAction","target":["https:\/\/mursalli.com\/index.php\/video-tanitimlar\/"]}]},{"@type":"BreadcrumbList","@id":"https:\/\/mursalli.com\/index.php\/video-tanitimlar\/#breadcrumb","itemListElement":[{"@type":"ListItem","position":1,"name":"Anasayfa","item":"https:\/\/mursalli.com\/"},{"@type":"ListItem","position":2,"name":"Video Tan\u0131t\u0131mlar"}]},{"@type":"WebSite","@id":"https:\/\/mursalli.com\/#website","url":"https:\/\/mursalli.com\/","name":"MURSALLI","description":"Germencik-AYDIN","publisher":{"@id":"https:\/\/mursalli.com\/#organization"},"potentialAction":[{"@type":"SearchAction","target":{"@type":"EntryPoint","urlTemplate":"https:\/\/mursalli.com\/?s={search_term_string}"},"query-input":{"@type":"PropertyValueSpecification","valueRequired":true,"valueName":"search_term_string"}}],"inLanguage":"tr"},{"@type":"Organization","@id":"https:\/\/mursalli.com\/#organization","name":"MURSALLI","url":"https:\/\/mursalli.com\/","logo":{"@type":"ImageObject","inLanguage":"tr","@id":"https:\/\/mursalli.com\/#\/schema\/logo\/image\/","url":"https:\/\/mursalli.com\/wp-content\/uploads\/2021\/04\/cropped-fig_leaf.png","contentUrl":"https:\/\/mursalli.com\/wp-content\/uploads\/2021\/04\/cropped-fig_leaf.png","width":512,"height":512,"caption":"MURSALLI"},"image":{"@id":"https:\/\/mursalli.com\/#\/schema\/logo\/image\/"}}]}},"_links":{"self":[{"href":"https:\/\/mursalli.com\/index.php\/wp-json\/wp\/v2\/pages\/371"}],"collection":[{"href":"https:\/\/mursalli.com\/index.php\/wp-json\/wp\/v2\/pages"}],"about":[{"href":"https:\/\/mursalli.com\/index.php\/wp-json\/wp\/v2\/types\/page"}],"author":[{"embeddable":true,"href":"https:\/\/mursalli.com\/index.php\/wp-json\/wp\/v2\/users\/2"}],"replies":[{"embeddable":true,"href":"https:\/\/mursalli.com\/index.php\/wp-json\/wp\/v2\/comments?post=371"}],"version-history":[{"count":1,"href":"https:\/\/mursalli.com\/index.php\/wp-json\/wp\/v2\/pages\/371\/revisions"}],"predecessor-version":[{"id":373,"href":"https:\/\/mursalli.com\/index.php\/wp-json\/wp\/v2\/pages\/371\/revisions\/373"}],"wp:attachment":[{"href":"https:\/\/mursalli.com\/index.php\/wp-json\/wp\/v2\/media?parent=371"}],"curies":[{"name":"wp","href":"https:\/\/api.w.org\/{rel}","templated":true}]}}